{"id":3974,"date":"2025-11-13T15:38:34","date_gmt":"2025-11-13T15:38:34","guid":{"rendered":"https:\/\/terrasdemiranda.org\/?page_id=3974\/"},"modified":"2025-11-13T15:40:32","modified_gmt":"2025-11-13T15:40:32","slug":"proyectos-subvencionados-convocatoria-2025-2026","status":"publish","type":"page","link":"https:\/\/terrasdemiranda.org\/es\/leader\/proyectos\/proyectos-subvencionados-convocatoria-2025-2026\/","title":{"rendered":"Proyectos subvencionados 2025\/2026"},"content":{"rendered":"[vc_row][vc_column][mk_fancy_title size=\u00bb18&#8243; font_family=\u00bbnone\u00bb]Proyectos productivos[\/mk_fancy_title][mk_table]\n<table width=\"100%\">\n<thead>\n<tr>\n<th width=\"150px\">Expediente<\/th>\n<th>T\u00edtulo<\/th>\n<th>Promotor<\/th>\n<th>Presupuesto aceptado<\/th>\n<th>Porcentaje de ayuda (%)<\/th>\n<th>IMPORTE TOTAL<\/th>\n<th>IMPORTE AYUDA 2025<\/th>\n<th>IMPORTE AYUDA 2026<\/th>\n<th>Puntuaci\u00f3n seg\u00fan el baremo<\/th>\n<\/tr>\n<\/thead>\n<tbody>\n<tr>\n<td>7119 01 0005<\/td>\n<td>Taller Mec\u00e1nico A Mari\u00f1a Tuning<\/td>\n<td>A Mari\u00f1a Tuning S.L.<\/td>\n<td>92.606,36<\/td>\n<td>50,00%<\/td>\n<td>46.303,18<\/td>\n<td>23.151,59<\/td>\n<td>23.151,59<\/td>\n<td>100,00<\/td>\n<\/tr>\n<tr>\n<td>7119 01 0012<\/td>\n<td>Tenzas, Proyecto De Modernizaci\u00f3n Y Expansi\u00f3n En Consultor\u00eda Forestal Sostenible<\/td>\n<td>Tenzas Ingenier\u00eda Y Asesor. Legal Sl.<\/td>\n<td>141.852,50<\/td>\n<td>50,00%<\/td>\n<td>70.926,25<\/td>\n<td>14.341,65<\/td>\n<td>56.584,60<\/td>\n<td>100,00<\/td>\n<\/tr>\n<tr>\n<td>7119 01 0011<\/td>\n<td>Flor Del Toxo. Rutas A Caballo.<\/td>\n<td>Teresa Couto Fernandez<\/td>\n<td>13.737,23<\/td>\n<td>100,00%<\/td>\n<td>13.737,23<\/td>\n<td>6.868,62<\/td>\n<td>6.868,61<\/td>\n<td>79,00<\/td>\n<\/tr>\n<tr>\n<td>7119 01 0004<\/td>\n<td>Equipamiento De Nuevas Instalaciones De Catering<\/td>\n<td>TWITY SL<\/td>\n<td>230.191,80<\/td>\n<td>28,73%<\/td>\n<td>66.128,16<\/td>\n<td>27.689,34<\/td>\n<td>38.438,82<\/td>\n<td>76,00<\/td>\n<\/tr>\n<tr>\n<td>7119 01 0008<\/td>\n<td>Vivecan<\/td>\n<td>Abraham Basanta Timiraos<\/td>\n<td>15.000,00<\/td>\n<td>100,00%<\/td>\n<td>15.000,00<\/td>\n<td>7.500,00<\/td>\n<td>7.500,00<\/td>\n<td>75,00<\/td>\n<\/tr>\n<\/tbody>\n<\/table>\n[\/mk_table][mk_message_box type=\u00bbinfo-message\u00bb el_class=\u00bbocultar\u00bb]\n<p>(*) Expediente al que seg\u00fan el baremo le correspond\u00eda una ayuda de 557.778,00\u20ac El importe de ayuda no se corresponde con el porcentaje de ayuda que le corresponder\u00eda al proyecto seg\u00fan la puntuaci\u00f3n obtenida en la aplicaci\u00f3n de los criterios de selecci\u00f3n aplicables debido a que la ayuda p\u00fablica m\u00e1xima que puede percibir un proyecto est\u00e1 limitada a un m\u00e1ximo de 200.000,00 euros, seg\u00fan disponen las bases reguladoras de la medida Leader del PDR de Galicia 2014-20<br \/>\n[\/mk_message_box][mk_message_box type=\u00bbinfo-message\u00bb el_class=\u00bbocultar\u00bb]\n<p>(*) Expediente activado parcialmente: 34.812,00 \u20ac pendiente de activar por falta de fondos en la tipolog\u00eda del proyecto<br \/>\n[\/mk_message_box][mk_fancy_title size=\u00bb18&#8243; font_family=\u00bbnone\u00bb]Proyectos no productivos promovidos por entidades p\u00fablicas locales[\/mk_fancy_title][mk_table]\n<table width=\"100%\">\n<thead>\n<tr>\n<th width=\"150px\">Expediente<\/th>\n<th>T\u00edtulo<\/th>\n<th>Promotor<\/th>\n<th>Presupuesto aceptado<\/th>\n<th>Porcentaje de ayuda (%)<\/th>\n<th>IMPORTE TOTAL AYUDA<\/th>\n<th>IMPORTE AYUDA 2025<\/th>\n<th>IMPORTE AYUDA 2026<\/th>\n<th>Puntuaci\u00f3n seg\u00fan el baremo<\/th>\n<\/tr>\n<\/thead>\n<tbody>\n<tr>\n<td>7119 01 0003<\/td>\n<td>Espacio Cultural Del Pasatiempo Y Museo De La Forja (*)<\/td>\n<td>Ayuntamiento de Mondo\u00f1edo<\/td>\n<td>76.125,47<\/td>\n<td>90,00%<\/td>\n<td>60.000,00<\/td>\n<td>30.000,00<\/td>\n<td>30.000,00<\/td>\n<td>90,00<\/td>\n<\/tr>\n<tr>\n<td>7119 01 0006<\/td>\n<td>Nuevo punto de informaci\u00f3n tur\u00edstica conmemorativo del quiosco de Juana (**)<\/td>\n<td>Ayuntamiento de Cervo<\/td>\n<td>38.049,66<\/td>\n<td>90,00%<\/td>\n<td>31.434,76<\/td>\n<td>15.717,38<\/td>\n<td>15.717,38<\/td>\n<td>90,00<\/td>\n<\/tr>\n<\/tbody>\n<\/table>\n[\/mk_table][mk_message_box type=\u00bbinfo-message\u00bb]\n<p>(*) Corresponde un porcentaje de ayuda del 90,00%, limitado a un m\u00e1ximo de 60.000,00 \u20ac por proyecto de acuerdo con la estrategia del GDR<br \/>\n[\/mk_message_box][mk_message_box type=\u00bbinfo-message\u00bb]\n<p>(**) 2.809,33 \u20ac sin adjudicar por falta de fondos en la tipolog\u00eda del proyecto<br \/>\n[\/mk_message_box][mk_fancy_title size=\u00bb18&#8243; font_family=\u00bbnone\u00bb]Proyectos no productivos promovidos por entidades privadas[\/mk_fancy_title][mk_table]\n<table width=\"100%\">\n<thead>\n<tr>\n<th width=\"150px\">Expediente<\/th>\n<th>T\u00edtulo<\/th>\n<th>Promotor<\/th>\n<th>Presupuesto aceptado<\/th>\n<th>Porcentaje de ayuda (%)<\/th>\n<th>TOTAL AYUDA CONCEDIDA<\/th>\n<th>IMPORTE AYUDA 2025<\/th>\n<th>IMPORTE AYUDA 2026<\/th>\n<th>Puntuaci\u00f3n seg\u00fan el baremo<\/th>\n<\/tr>\n<\/thead>\n<tbody>\n<tr>\n<td>7119 01 0016<\/td>\n<td>Equipamiento Nueva Oficina Gvi: Adquisici\u00f3n Recursos Planificaci\u00f3n Y Ejecuci\u00f3n De Actividades<\/td>\n<td>Asociaci\u00f3n Guillem Veiga Iglesias<\/td>\n<td>3.412,61<\/td>\n<td>90,00%<\/td>\n<td>3.071,35<\/td>\n<td>3.071,35<\/td>\n<td><\/td>\n<td>79,00<\/td>\n<\/tr>\n<tr>\n<td>7119 01 0009<\/td>\n<td>Cierre Parcial Del Porche Del Centro Ocupacional Y Del Centro De D\u00eda<\/td>\n<td>Aspanane<\/td>\n<td>42.489,15<\/td>\n<td>86,44%<\/td>\n<td>36.727,62<\/td>\n<td>18.363,81<\/td>\n<td>18.363,81<\/td>\n<td>57,00<\/td>\n<\/tr>\n<\/tbody>\n<\/table>\n[\/mk_table][mk_message_box type=\u00bbinfo-message\u00bb el_class=\u00bbocultar\u00bb]\n<p>(*) Expediente activado parcialmente: 24.719,83 \u20ac pendientes de activar por falta de fondos en la tipolog\u00eda del proyecto<br \/>\n[\/mk_message_box][\/vc_column][\/vc_row]\n","protected":false},"excerpt":{"rendered":"<p>[vc_row][vc_column][mk_fancy_title size=\u00bb18&#8243; font_family=\u00bbnone\u00bb]Proyectos productivos[\/mk_fancy_title][mk_table] Expediente T\u00edtulo Promotor Presupuesto aceptado Porcentaje de ayuda (%) IMPORTE TOTAL IMPORTE AYUDA 2025 IMPORTE AYUDA 2026 Puntuaci\u00f3n seg\u00fan el baremo 7119 01 0005 Taller Mec\u00e1nico A Mari\u00f1a Tuning A Mari\u00f1a Tuning S.L. 92.606,36 50,00% 46.303,18 23.151,59 23.151,59 100,00 7119 01 0012 Tenzas, Proyecto De Modernizaci\u00f3n Y Expansi\u00f3n En Consultor\u00eda Forestal [&hellip;]<\/p>\n","protected":false},"author":1,"featured_media":0,"parent":2768,"menu_order":0,"comment_status":"closed","ping_status":"closed","template":"","meta":{"footnotes":""},"class_list":["post-3974","page","type-page","status-publish","hentry"],"_links":{"self":[{"href":"https:\/\/terrasdemiranda.org\/es\/wp-json\/wp\/v2\/pages\/3974"}],"collection":[{"href":"https:\/\/terrasdemiranda.org\/es\/wp-json\/wp\/v2\/pages"}],"about":[{"href":"https:\/\/terrasdemiranda.org\/es\/wp-json\/wp\/v2\/types\/page"}],"author":[{"embeddable":true,"href":"https:\/\/terrasdemiranda.org\/es\/wp-json\/wp\/v2\/users\/1"}],"replies":[{"embeddable":true,"href":"https:\/\/terrasdemiranda.org\/es\/wp-json\/wp\/v2\/comments?post=3974"}],"version-history":[{"count":12,"href":"https:\/\/terrasdemiranda.org\/es\/wp-json\/wp\/v2\/pages\/3974\/revisions"}],"predecessor-version":[{"id":4009,"href":"https:\/\/terrasdemiranda.org\/es\/wp-json\/wp\/v2\/pages\/3974\/revisions\/4009"}],"up":[{"embeddable":true,"href":"https:\/\/terrasdemiranda.org\/es\/wp-json\/wp\/v2\/pages\/2768"}],"wp:attachment":[{"href":"https:\/\/terrasdemiranda.org\/es\/wp-json\/wp\/v2\/media?parent=3974"}],"curies":[{"name":"wp","href":"https:\/\/api.w.org\/{rel}","templated":true}]}}