{"id":3984,"date":"2025-11-13T15:44:14","date_gmt":"2025-11-13T15:44:14","guid":{"rendered":"https:\/\/terrasdemiranda.org\/?page_id=3984\/"},"modified":"2025-11-13T15:45:19","modified_gmt":"2025-11-13T15:45:19","slug":"proyectos-denegados-convocatoria-2025-2026","status":"publish","type":"page","link":"https:\/\/terrasdemiranda.org\/es\/leader\/proyectos\/proyectos-denegados-convocatoria-2025-2026\/","title":{"rendered":"Proyectos denegados de la convocatoria 2025\/2026"},"content":{"rendered":"[vc_row][vc_column][mk_table]\n<table>\n<thead>\n<tr>\n<th>N\u00famero de expediente<\/th>\n<th>Persona interesada<\/th>\n<th>Observaciones<\/th>\n<\/tr>\n<\/thead>\n<tbody>\n<tr>\n<td>7119 01 0002<\/td>\n<td>Ana Belen Polo Casariego<\/td>\n<td>El promotor no cumple los requisitos indicados en el R\u00e9gimen de Ayudas como posible beneficiario para la medida en la que se encuadra el proyecto<\/td>\n<\/tr>\n<tr>\n<td>7119 01 0007<\/td>\n<td>Maria Esperanza Moure Santamarina<\/td>\n<td>Documentaci\u00f3n requerida no presentada o fuera de plazo<\/td>\n<\/tr>\n<tr>\n<td>7119 01 0010<\/td>\n<td>Maria Cristina Sanchez Legido<\/td>\n<td>El promotor no cumple lo establecido en el art\u00edculo 20 \u00abModeraci\u00f3n de costes\u00bb de las bases reguladoras<\/td>\n<\/tr>\n<tr>\n<td>7119 01 0015<\/td>\n<td>Juan Francisco Marcos Pablo<\/td>\n<td>El promotor despu\u00e9s del requerimiento de documentaci\u00f3n no presenta las tres ofertas de diferentes proveedores por cada concepto de gasto, como establece el art\u00edculo 20 de las bases reguladoras&#8230;<\/td>\n<\/tr>\n<tr>\n<td>7119 01 0013<\/td>\n<td>Asociaci\u00f3n Cultural Maragatacasa AC<\/td>\n<td>Documentaci\u00f3n requerida no presentada o fuera de plazo<\/td>\n<\/tr>\n<\/tbody>\n<\/table>\n[\/mk_table][mk_custom_box][vc_column_text title=\u00bbMotivos\u00bb el_class=\u00bbocultar\u00bb css=\u00bb.vc_custom_1763040231719{margin-bottom: 0px !important;}\u00bb]\n<h6>1. A solicitude de axuda est\u00e1 incompleta (artigo 12 das bases reguladoras)<br \/>\n2. O promotor non cumpre os requisitos indicados nas bases reguladoras (artigo 3 das bases reguladoras)<br \/>\n3. Os gastos propostos no orzamento do proxecto non son subvencionables (artigo 5 das bases reguladoras)<br \/>\n4. O proxecto non \u00e9 elixible ao abeiro das fichas de elixibilidade das bases reguladoras e\/ou da estratexia do GDR<br \/>\n5. O proxecto non acada a puntuaci\u00f3n m\u00ednima ou de corte establecida no baremo do GDR<br \/>\n6. Outras: especificar a causa no apartado de observaci\u00f3ns<\/h6>\n[\/vc_column_text][\/mk_custom_box][mk_padding_divider][\/vc_column][\/vc_row]\n","protected":false},"excerpt":{"rendered":"<p>[vc_row][vc_column][mk_table] N\u00famero de expediente Persona interesada Observaciones 7119 01 0002 Ana Belen Polo Casariego El promotor no cumple los requisitos indicados en el R\u00e9gimen de Ayudas como posible beneficiario para la medida en la que se encuadra el proyecto 7119 01 0007 Maria Esperanza Moure Santamarina Documentaci\u00f3n requerida no presentada o fuera de plazo 7119 [&hellip;]<\/p>\n","protected":false},"author":1,"featured_media":0,"parent":2768,"menu_order":0,"comment_status":"closed","ping_status":"closed","template":"","meta":{"footnotes":""},"class_list":["post-3984","page","type-page","status-publish","hentry"],"_links":{"self":[{"href":"https:\/\/terrasdemiranda.org\/es\/wp-json\/wp\/v2\/pages\/3984"}],"collection":[{"href":"https:\/\/terrasdemiranda.org\/es\/wp-json\/wp\/v2\/pages"}],"about":[{"href":"https:\/\/terrasdemiranda.org\/es\/wp-json\/wp\/v2\/types\/page"}],"author":[{"embeddable":true,"href":"https:\/\/terrasdemiranda.org\/es\/wp-json\/wp\/v2\/users\/1"}],"replies":[{"embeddable":true,"href":"https:\/\/terrasdemiranda.org\/es\/wp-json\/wp\/v2\/comments?post=3984"}],"version-history":[{"count":5,"href":"https:\/\/terrasdemiranda.org\/es\/wp-json\/wp\/v2\/pages\/3984\/revisions"}],"predecessor-version":[{"id":4014,"href":"https:\/\/terrasdemiranda.org\/es\/wp-json\/wp\/v2\/pages\/3984\/revisions\/4014"}],"up":[{"embeddable":true,"href":"https:\/\/terrasdemiranda.org\/es\/wp-json\/wp\/v2\/pages\/2768"}],"wp:attachment":[{"href":"https:\/\/terrasdemiranda.org\/es\/wp-json\/wp\/v2\/media?parent=3984"}],"curies":[{"name":"wp","href":"https:\/\/api.w.org\/{rel}","templated":true}]}}