{"id":4023,"date":"2026-02-04T11:00:34","date_gmt":"2026-02-04T11:00:34","guid":{"rendered":"https:\/\/terrasdemiranda.org\/?page_id=4023\/"},"modified":"2026-02-04T11:05:26","modified_gmt":"2026-02-04T11:05:26","slug":"nueva-convocatoria-leader-2026-2028","status":"publish","type":"page","link":"https:\/\/terrasdemiranda.org\/es\/leader\/nueva-convocatoria-leader-2026-2028\/","title":{"rendered":"NUEVA CONVOCATORIA LEADER 2026-2028"},"content":{"rendered":"[vc_row][vc_column][mk_custom_list title=\u00bbCONVOCATORIA LEADER 2026-2028&#8243;]\n<h3>En este espacio se centraliza toda la documentaci\u00f3n t\u00e9cnica y normativa referente al nuevo per\u00edodo de ayudas gestionadas por los Grupos de Desarrollo Rural (GDR).<\/h3>\n<p class=\"\"><strong>Normativa y Documentaci\u00f3n:<\/strong><\/p>\n<ul>\n<li><a href=\"https:\/\/terrasdemiranda.org\/docs\/gal\/CONVOCATORIA%20LEADER%202026-2028\/BasesLeader2026.pdf\" target=\"_blank\" rel=\"noopener noreferrer\">Publicaci\u00f3n en el DOG<\/a><br \/>\nConsulta el texto oficial publicado en el Diario Oficial de Galicia.<\/li>\n<li><a href=\"https:\/\/terrasdemiranda.org\/docs\/gal\/CONVOCATORIA%20LEADER%202026-2028\/00_CONVENIO%20AGADER%20TURISMO%202026_asdo.pdf\" target=\"_blank\" rel=\"noopener noreferrer\">Convenio de colaboraci\u00f3n entre la Agencia de Turismo de Galicia y AGADER<\/a><br \/>\nAccede al documento que regula la colaboraci\u00f3n institucional para la ejecuci\u00f3n del programa.<\/li>\n<\/ul>\n[\/mk_custom_list][vc_column_text css=\u00bb.vc_custom_1770202932787{margin-bottom: 0px !important;}\u00bb]\n<h3>&#x1f50d; Informaci\u00f3n del Procedimiento<\/h3>\n<ul>\n<li><b>C\u00f3digo:<\/b> MR701L<\/li>\n<li><b>Objetivo:<\/b> Apoyo a terceras personas para proyectos al amparo de la estrategia Leader.<\/li>\n<li><b>Marco:<\/b> Plan Estrat\u00e9gico de la PAC (PEPAC) 2023-2027<\/li>\n<\/ul>\n[\/vc_column_text][\/vc_column][\/vc_row]\n","protected":false},"excerpt":{"rendered":"<p>[vc_row][vc_column][mk_custom_list title=\u00bbCONVOCATORIA LEADER 2026-2028&#8243;] En este espacio se centraliza toda la documentaci\u00f3n t\u00e9cnica y normativa referente al nuevo per\u00edodo de ayudas gestionadas por los Grupos de Desarrollo Rural (GDR). Normativa y Documentaci\u00f3n: Publicaci\u00f3n en el DOG Consulta el texto oficial publicado en el Diario Oficial de Galicia. Convenio de colaboraci\u00f3n entre la Agencia de Turismo [&hellip;]<\/p>\n","protected":false},"author":1,"featured_media":4038,"parent":2759,"menu_order":0,"comment_status":"closed","ping_status":"closed","template":"","meta":{"footnotes":""},"class_list":["post-4023","page","type-page","status-publish","has-post-thumbnail","hentry"],"_links":{"self":[{"href":"https:\/\/terrasdemiranda.org\/es\/wp-json\/wp\/v2\/pages\/4023"}],"collection":[{"href":"https:\/\/terrasdemiranda.org\/es\/wp-json\/wp\/v2\/pages"}],"about":[{"href":"https:\/\/terrasdemiranda.org\/es\/wp-json\/wp\/v2\/types\/page"}],"author":[{"embeddable":true,"href":"https:\/\/terrasdemiranda.org\/es\/wp-json\/wp\/v2\/users\/1"}],"replies":[{"embeddable":true,"href":"https:\/\/terrasdemiranda.org\/es\/wp-json\/wp\/v2\/comments?post=4023"}],"version-history":[{"count":3,"href":"https:\/\/terrasdemiranda.org\/es\/wp-json\/wp\/v2\/pages\/4023\/revisions"}],"predecessor-version":[{"id":4047,"href":"https:\/\/terrasdemiranda.org\/es\/wp-json\/wp\/v2\/pages\/4023\/revisions\/4047"}],"up":[{"embeddable":true,"href":"https:\/\/terrasdemiranda.org\/es\/wp-json\/wp\/v2\/pages\/2759"}],"wp:featuredmedia":[{"embeddable":true,"href":"https:\/\/terrasdemiranda.org\/es\/wp-json\/wp\/v2\/media\/4038"}],"wp:attachment":[{"href":"https:\/\/terrasdemiranda.org\/es\/wp-json\/wp\/v2\/media?parent=4023"}],"curies":[{"name":"wp","href":"https:\/\/api.w.org\/{rel}","templated":true}]}}